{"id":33,"date":"2019-10-17T15:38:01","date_gmt":"2019-10-17T15:38:01","guid":{"rendered":"http:\/\/bds-z.de\/?page_id=33"},"modified":"2019-10-18T14:43:38","modified_gmt":"2019-10-18T14:43:38","slug":"ueber-den-verein","status":"publish","type":"page","link":"https:\/\/bds-z.de\/?page_id=33","title":{"rendered":"\u00dcber den Verein"},"content":{"rendered":"\r\n<p>\u00dcber den Verein:<\/p>\r\n\r\n\r\n\r\n<p>Die BDS-Z Gruppe Zeilsheim e.V. wurde am 01.07.2016 gegr\u00fcndet.<\/p>\r\n\r\n\r\n\r\n<p>1. Vorsitzender: Christian Zech<\/p>\r\n\r\n\r\n\r\n<p>2. Vorstizender: Ralf K\u00f6hler<\/p>\r\n<hr \/>\r\n\r\n\r\n<p>Schatzmeister: Kevin Kessler<\/p>\r\n\r\n\r\n\r\n\r\n\r\n<p>Schriftf\u00fchrer: J\u00f6rg Brand<\/p>\r\n<hr \/>\r\n\r\n\r\n<p>Weitere Gr\u00fcndungsmitglieder:<\/p>\r\n\r\n\r\n\r\n\r\n\r\n<p>Fred Sch\u00e4fer<\/p>\r\n\r\n\r\n\r\n<p>Cora K\u00f6hler<\/p>\r\n\r\n\r\n\r\n<p>Max Speck<\/p>\r\n\r\n\r\n\r\n<p>Reinhard Speck<\/p>\r\n<hr \/>\r\n<p>&nbsp;<\/p>\r\n\r\n\r\n","protected":false},"excerpt":{"rendered":"<p>\u00dcber den Verein: Die BDS-Z Gruppe Zeilsheim e.V. wurde am 01.07.2016 gegr\u00fcndet. 2. Vorstizender: Ralf K\u00f6hler Schriftf\u00fchrer: J\u00f6rg Brand Fred Sch\u00e4fer Cora K\u00f6hler Max Speck Reinhard Speck &nbsp;<\/p>\n","protected":false},"author":1,"featured_media":0,"parent":0,"menu_order":0,"comment_status":"closed","ping_status":"closed","template":"","meta":{"footnotes":""},"class_list":["post-33","page","type-page","status-publish","hentry"],"jetpack_sharing_enabled":true,"_links":{"self":[{"href":"https:\/\/bds-z.de\/index.php?rest_route=\/wp\/v2\/pages\/33","targetHints":{"allow":["GET"]}}],"collection":[{"href":"https:\/\/bds-z.de\/index.php?rest_route=\/wp\/v2\/pages"}],"about":[{"href":"https:\/\/bds-z.de\/index.php?rest_route=\/wp\/v2\/types\/page"}],"author":[{"embeddable":true,"href":"https:\/\/bds-z.de\/index.php?rest_route=\/wp\/v2\/users\/1"}],"replies":[{"embeddable":true,"href":"https:\/\/bds-z.de\/index.php?rest_route=%2Fwp%2Fv2%2Fcomments&post=33"}],"version-history":[{"count":2,"href":"https:\/\/bds-z.de\/index.php?rest_route=\/wp\/v2\/pages\/33\/revisions"}],"predecessor-version":[{"id":83,"href":"https:\/\/bds-z.de\/index.php?rest_route=\/wp\/v2\/pages\/33\/revisions\/83"}],"wp:attachment":[{"href":"https:\/\/bds-z.de\/index.php?rest_route=%2Fwp%2Fv2%2Fmedia&parent=33"}],"curies":[{"name":"wp","href":"https:\/\/api.w.org\/{rel}","templated":true}]}}