{"id":25,"date":"2019-10-17T15:22:34","date_gmt":"2019-10-17T15:22:34","guid":{"rendered":"http:\/\/bds-z.de\/?page_id=25"},"modified":"2019-10-18T15:33:10","modified_gmt":"2019-10-18T15:33:10","slug":"datenschutz","status":"publish","type":"page","link":"https:\/\/bds-z.de\/?page_id=25","title":{"rendered":"Datenschutz"},"content":{"rendered":"<p>Allgemeiner Hinweis und Pflichtinformationen<br \/>\nBenennung der verantwortlichen Stelle:<\/p>\n<p>BDS Gruppe Zeilsheim e.V<br \/>\nChristian Zech Tevesstra\u00dfe 109<br \/>\n60326 Frankfurt<\/p>\n<p>Die verantwortliche Stelle entscheidet allein oder gemeinsam mit anderen \u00fcber die Zwecke und Mittel der Verarbeitung von personenbezogenen Daten (z.B. Namen, Kontaktdaten o. \u00c4.).<\/p>\n<hr \/>\n<p><strong>Datenarten, Zwecke der Verarbeitung und Kategorien betroffener Personen<\/strong><br \/>\nNachfolgend informieren wir Sie \u00fcber Art, Umfang und Zweck der Erhebung, Verarbeitung und Nutzung personenbezogener Daten.<\/p>\n<p><strong> 1 .Arten der Daten, die wir verarbeiten<\/strong><br \/>\nNutzungsdaten (Zugriffszeiten, besuchte Websites etc.),<\/p>\n<p><strong> 2. Zwecke der Verarbeitung nach Art. 13 Abs. 1 c) DS-GVO<\/strong><br \/>\nWebsite technisch und wirtschaftlich optimieren, Website benutzerfreundlich gestalten, Erstellung von Statistiken,Ma\u00dfnahmen der Sicherheit,<\/p>\n<p><strong>3. Kategorien der betroffenen Personen nach Art. 13 Abs. 1 e) DS-GVO<\/strong><br \/>\nBesucher\/Nutzer der Website,Die betroffenen Personen werden zusammenfassend als \u201eNutzer\u201c bezeichnet.<\/p>\n<p><strong>Widerruf Ihrer Einwillgung zur Datenverarbeitung<\/strong><br \/>\nNur mit Ihrer ausdr\u00fccklichen Einwilligung sind einige Vorg\u00e4nge der Datenverarbeitung m\u00f6glich.<br \/>\nEin Widerruf Ihrer bereits erteilten Einwilligung ist jederzeit m\u00f6glich. F\u00fcr den Widerruf gen\u00fcgt eine formlose Mitteilung per E-Mail.<br \/>\nDie Rechtm\u00e4\u00dfigkeit der bis zum Widerruf erfolgten Datenverarbeitung bleibt vom Widerruf unber\u00fchrt.<\/p>\n<p><strong>Recht auf Beschwerde bei der zust\u00e4ndigen Aufsichtsbeh\u00f6rde<\/strong><br \/>\nAls Betroffener steht Ihnen im Falle eines datenschutzrechtlichen Versto\u00dfes ein Beschwerderecht bei der zust\u00e4ndigen Aufsichtsbeh\u00f6rde zu.<br \/>\nZust\u00e4ndige Aufsichtsbeh\u00f6rde bez\u00fcglich datenschutzrechtlicher Fragen ist der Landesdatenschutzbeauftragte des Bundeslandes, in dem sich der Sitz unseres Unternehmens befindet.<br \/>\nDer folgende Link stellt eine Liste der Datenschutzbeauftragten sowie deren Kontaktdaten bereit:<br \/>\n<a href=\"https:\/\/www.bfdi.bund.de\/DE\/Infothek\/Anschriften_Links\/anschriften_links-node.html\">https:\/\/www.bfdi.bund.de\/DE\/Infothek\/Anschriften_Links\/anschriften_links-node.html<\/a>.<\/p>\n<p><strong>Recht auf Daten\u00fcbertragbarkeit<\/strong><br \/>\nIhnen steht das Recht zu, Daten, die wir auf Grundlage Ihrer Einwilligung oder in Erf\u00fcllung eines Vertrags automatisiert verarbeiten, an sich oder an Dritte aush\u00e4ndigen zu lassen.<br \/>\nDie Bereitstellung erfolgt in einem maschinenlesbaren Format.<br \/>\nSofern Sie die direkte \u00dcbertragung der Daten an einen anderen Verantwortlichen verlangen, erfolgt dies nur, soweit es technisch machbar ist.<\/p>\n<p><strong>Recht auf Auskunft, Berichtigung, Sperrung, L\u00f6schung<\/strong><br \/>\nSie haben jederzeit im Rahmen der geltenden gesetzlichen Bestimmungen das Recht auf unentgeltliche Auskunft \u00fcber Ihre gespeicherten personenbezogenen Daten, Herkunft der Daten, deren Empf\u00e4nger und den Zweck der Datenverarbeitung und ggf. ein Recht auf Berichtigung, Sperrung oder L\u00f6schung dieser Daten.<br \/>\nDiesbez\u00fcglich und auch zu weiteren Fragen zum Thema personenbezogene Daten k\u00f6nnen Sie sich jederzeit \u00fcber die im Impressum aufgef\u00fchrten Kontaktm\u00f6glichkeiten an uns wenden.<\/p>\n<p><strong>SSL- bzw. TLS-Verschl\u00fcsselung<\/strong><br \/>\nAus Sicherheitsgr\u00fcnden und zum Schutz der \u00dcbertragung vertraulicher Inhalte, die Sie an uns als Seitenbetreiber senden, nutzt unsere Website eine SSL-bzw. TLS-Verschl\u00fcsselung.<br \/>\nDamit sind Daten, die Sie \u00fcber diese Website \u00fcbermitteln, f\u00fcr Dritte nicht mitlesbar.<br \/>\nSie erkennen eine verschl\u00fcsselte Verbindung an der \u201ehttps:\/\/\u201c Adresszeile Ihres Browsers und am Schloss-Symbol in der Browserzeile.<\/p>\n<p><strong>Bereitstellung unserer Website und Erstellung von Logfiles<\/strong><\/p>\n<ol>\n<li style=\"list-style-type: none;\">\n<ol>\n<li>Wenn Sie unsere Webseite lediglich informatorisch nutzen (also keine Registrierung und auch keine anderweitige \u00dcbermittlung von Informationen), erheben wir nur die personenbezogenen Daten, die Ihr Browser an unseren Server \u00fcbermittelt. Wenn Sie unsere Website betrachten m\u00f6chten, erheben wir die folgenden Daten:\u2022 IP-Adresse;<br \/>\nInternet-Service-Provider des Nutzers;<br \/>\n\u2022 Datum und Uhrzeit des Abrufs;<br \/>\n\u2022 Browsertyp;<br \/>\n\u2022 Sprache und Browser-Version;<br \/>\n\u2022 Inhalt des Abrufs;<br \/>\n\u2022 Zeitzone;<br \/>\n\u2022 Zugriffsstatus\/HTTP-Statuscode;<br \/>\n\u2022 Datenmenge;<br \/>\n\u2022 Websites, von denen die Anforderung kommt;<br \/>\n\u2022 Betriebssystem.<br \/>\nEine Speicherung dieser Daten zusammen mit anderen personenbezogenen Daten von Ihnen findet nicht statt.<\/li>\n<li>Diese Daten dienen dem Zweck der nutzerfreundlichen, funktionsf\u00e4higen und sicheren Auslieferung unserer Website an Sie mit Funktionen und Inhalten sowie deren Optimierung und statistischen Auswertung.<\/li>\n<li>Rechtsgrundlage hierf\u00fcr ist unser in den obigen Zwecken auch liegendes berechtigtes Interesse an der Datenverarbeitung nach Art. 6 Abs. 1 S.1 lit. f) DS-GVO.<\/li>\n<li>Wir speichern aus Sicherheitsgr\u00fcnden diese Daten in Server-Logfiles f\u00fcr die Speicherdauer von Tagen. Nach Ablauf dieser Frist werden diese automatisch gel\u00f6scht, es sei denn wir ben\u00f6tigen deren Aufbewahrung zu Beweiszwecken bei Angriffen auf die Serverinfrastruktur oder anderen Rechtsverletzungen.<\/li>\n<\/ol>\n<\/li>\n<\/ol>\n<p><strong>Cookies<\/strong><br \/>\nWir verwenden sog. Cookies bei Ihrem Besuch unserer Website. Cookies sind kleine Textdateien, die Ihr Internet-Browser auf Ihrem Rechner ablegt und speichert. Wenn Sie unsere Website erneut aufrufen, geben diese Cookies Informationen ab, um Sie automatisch wiederzuerkennen. Die so erlangten Informationen dienen dem Zweck, unsere Webangebote technisch und wirtschaftlich zu optimieren und Ihnen einen leichteren und sicheren Zugang auf unsere Website zu erm\u00f6glichen. Wir informieren Sie dazu beim Aufruf unserer Website mittels eines Hinweises auf unsere Datenschutzerkl\u00e4rung \u00fcber die Verwendung von Cookies zu den zuvor genannten Zwecken und wie Sie dieser widersprechen bzw. deren Speicherung verhindern k\u00f6nnen (\u201eOpt-out\u201c). Unsere Website nutzt Session-Cookies, persistente Cookies und Cookies von Drittanbietern:<\/p>\n<p><strong>Session-Cookies<\/strong><br \/>\nWir verwenden sog. Cookies zum Wiedererkennen mehrfacher Nutzung eines Angebots durch denselben Nutzer (z.B. wenn Sie sich eingeloggt haben zur Feststellung Ihres Login-Status). Wenn Sie unsere Seite erneut aufrufen, geben diese Cookies Informationen ab, um Sie automatisch wiederzuerkennen. Die so erlangten Informationen dienen dazu, unsere Angebote zu optimieren und Ihnen einen leichteren Zugang auf unsere Seite zu erm\u00f6glichen. Wenn Sie den Browser schlie\u00dfen oder Sie sich ausloggen, werden die Session-Cookies gel\u00f6scht.<strong>\u2022 <\/strong><\/p>\n<p><strong>Persistente Cookies:<\/strong><br \/>\nDiese werden automatisiert nach einer vorgegebenen Dauer gel\u00f6scht, die sich je nach Cookie unterscheiden kann. In den Sicherheitseinstellungen Ihres Browsers k\u00f6nnen Sie die Cookies jederzeit l\u00f6schen.<strong>\u2022<\/strong><\/p>\n<p><strong> Cookies von Drittanbietern (Third-Party-Cookies):<\/strong><br \/>\nEntsprechend Ihren W\u00fcnschen k\u00f6nnen Sie k\u00f6nnen Ihre Browser-Einstellung konfigurieren und z. B. Die Annahme von Third-Party-Cookies oder allen Cookies ablehnen. Wir weisen Sie jedoch an dieser Stelle darauf hin, dass Sie dann eventuell nicht alle Funktionen dieser Website nutzen k\u00f6nnen. Lesen Sie N\u00e4heres zu diesen Cookies bei den jeweiligen Datenschutzerkl\u00e4rungen zu den Drittanbietern.<\/p>\n<ul>\n<li>Rechtsgrundlage dieser Verarbeitung ist Art. 6 Abs. 1 S. lit. b) DS-GVO, wenn die Cookies zur Vertragsanbahnung z.B. bei Bestellungen gesetzt werden und ansonsten haben wir ein berechtigtes Interesse an der effektiven Funktionalit\u00e4t der Website, so dass in dem Falle Art. 6 Abs. 1 S. 1 lit. f) DS-GVO Rechtsgrundlage ist.<\/li>\n<li><strong>Widerspruch und \u201eOpt-Out\u201c:<\/strong> Das Speichern von Cookies auf Ihrer Festplatte k\u00f6nnen Sie allgemein verhindern, indem Sie in Ihren Browser-Einstellungen \u201ekeine Cookies akzeptieren\u201c w\u00e4hlen. Dies kann aber eine Funktionseinschr\u00e4nkung unserer Angebote zur Folge haben. Sie k\u00f6nnen dem Einsatz von Cookies von Drittanbietern zu Werbezwecken \u00fcber ein sog. \u201eOpt-out\u201c \u00fcber diese amerikanische Website\u00a0(<a href=\"https:\/\/optout.aboutads.info\">https:\/\/optout.aboutads.info<\/a>)\u00a0oder diese europ\u00e4ische Website\u00a0(<a href=\"http:\/\/www.youronlinechoices.com\/de\/praferenzmanagement\/\">http:\/\/www.youronlinechoices.com\/de\/praferenzmanagement\/<\/a>) widersprechen.<\/li>\n<\/ul>\n<p><strong>Akismet<\/strong><br \/>\nWir sammeln Informationen \u00fcber Besucher, die Kommentare auf Websites, die unseren Akismet Anti-Spam Service benutzen, hinterlassen. Das Ausma\u00df an Informationen, die wir sammeln, h\u00e4ngt davon ab, wie der Benutzer seine Website eingestellt hat. Normalerweise beinhalten diese Daten die IP-Adresse des Benutzers, den User Agent, Referrer und Website-URL (sowie die Informationen, die der Benutzer direkt eingegeben hat wie z.B. Namen, Benutzernamen, E-Mail-Adresse und den Kommentar selbst).<\/p>\n<p>&nbsp;<\/p>\n","protected":false},"excerpt":{"rendered":"<p>Allgemeiner Hinweis und Pflichtinformationen Benennung der verantwortlichen Stelle: BDS Gruppe Zeilsheim e.V Christian Zech Tevesstra\u00dfe 109 60326 Frankfurt Die verantwortliche Stelle entscheidet allein oder gemeinsam mit anderen \u00fcber die Zwecke und Mittel der Verarbeitung von personenbezogenen Daten (z.B. Namen, Kontaktdaten o. \u00c4.). Datenarten, Zwecke der Verarbeitung und Kategorien betroffener Personen Nachfolgend informieren wir Sie \u00fcber &hellip; <\/p>\n<p class=\"link-more\"><a href=\"https:\/\/bds-z.de\/?page_id=25\" class=\"more-link\"><span class=\"screen-reader-text\">\u201eDatenschutz\u201c<\/span> weiterlesen<\/a><\/p>\n","protected":false},"author":1,"featured_media":0,"parent":0,"menu_order":0,"comment_status":"closed","ping_status":"closed","template":"","meta":{"footnotes":""},"class_list":["post-25","page","type-page","status-publish","hentry"],"jetpack_sharing_enabled":true,"_links":{"self":[{"href":"https:\/\/bds-z.de\/index.php?rest_route=\/wp\/v2\/pages\/25","targetHints":{"allow":["GET"]}}],"collection":[{"href":"https:\/\/bds-z.de\/index.php?rest_route=\/wp\/v2\/pages"}],"about":[{"href":"https:\/\/bds-z.de\/index.php?rest_route=\/wp\/v2\/types\/page"}],"author":[{"embeddable":true,"href":"https:\/\/bds-z.de\/index.php?rest_route=\/wp\/v2\/users\/1"}],"replies":[{"embeddable":true,"href":"https:\/\/bds-z.de\/index.php?rest_route=%2Fwp%2Fv2%2Fcomments&post=25"}],"version-history":[{"count":15,"href":"https:\/\/bds-z.de\/index.php?rest_route=\/wp\/v2\/pages\/25\/revisions"}],"predecessor-version":[{"id":98,"href":"https:\/\/bds-z.de\/index.php?rest_route=\/wp\/v2\/pages\/25\/revisions\/98"}],"wp:attachment":[{"href":"https:\/\/bds-z.de\/index.php?rest_route=%2Fwp%2Fv2%2Fmedia&parent=25"}],"curies":[{"name":"wp","href":"https:\/\/api.w.org\/{rel}","templated":true}]}}